{"id":708,"date":"2024-02-07T16:50:57","date_gmt":"2024-02-07T15:50:57","guid":{"rendered":"https:\/\/2xenvironnement.com\/?page_id=708"},"modified":"2024-05-10T00:13:34","modified_gmt":"2024-05-09T22:13:34","slug":"curage-et-nettoyage-des-fonds-de-cuves-dhydrocarbures","status":"publish","type":"page","link":"https:\/\/2xenvironnement.com\/index.php\/curage-et-nettoyage-des-fonds-de-cuves-dhydrocarbures\/","title":{"rendered":"Curage et nettoyage des fonds de cuves d\u2019hydrocarbures"},"content":{"rendered":"\t\t<div data-elementor-type=\"wp-page\" data-elementor-id=\"708\" class=\"elementor elementor-708\">\n\t\t\t\t<div class=\"elementor-element elementor-element-63a971d e-flex e-con-boxed e-con e-parent\" data-id=\"63a971d\" data-element_type=\"container\" data-e-type=\"container\">\n\t\t\t\t\t<div class=\"e-con-inner\">\n\t\t<div class=\"elementor-element elementor-element-7b499a9 e-con-full e-flex e-con e-child\" data-id=\"7b499a9\" data-element_type=\"container\" data-e-type=\"container\">\n\t\t\t\t<div class=\"elementor-element elementor-element-d1184de elementor-widget elementor-widget-heading\" data-id=\"d1184de\" data-element_type=\"widget\" data-e-type=\"widget\" data-widget_type=\"heading.default\">\n\t\t\t\t<div class=\"elementor-widget-container\">\n\t\t\t\t\t<h2 class=\"elementor-heading-title elementor-size-default\">Curage et nettoyage des fonds de cuves d\u2019hydrocarbures<\/h2>\t\t\t\t<\/div>\n\t\t\t\t<\/div>\n\t\t\t\t<div class=\"elementor-element elementor-element-f232710 elementor-widget elementor-widget-text-editor\" data-id=\"f232710\" data-element_type=\"widget\" data-e-type=\"widget\" data-widget_type=\"text-editor.default\">\n\t\t\t\t<div class=\"elementor-widget-container\">\n\t\t\t\t\t\t\t\t\t<p>Notre service de curage et nettoyage des fonds de cuve d&#8217;hydrocarbure assure une gestion <br \/>minutieuse des r\u00e9sidus p\u00e9troliers. Nous utilisons des \u00e9quipements sp\u00e9cialis\u00e9s et des m\u00e9thodes <br \/>s\u00e9curis\u00e9es pour \u00e9liminer les s\u00e9diments et les d\u00e9bris, tout en minimisant les risques <br \/>environnementaux.<\/p><p>Le processus de curage et nettoyage est r\u00e9alis\u00e9 par notre \u00e9quipe exp\u00e9riment\u00e9e, suivant des <br \/>protocoles stricts de s\u00e9curit\u00e9 et de conformit\u00e9 r\u00e9glementaire. Nous nous engageons \u00e0 maintenir <br \/>des normes \u00e9lev\u00e9es en mati\u00e8re d&#8217;environnement, en veillant \u00e0 ce que les r\u00e9sidus hydrocarbur\u00e9s <br \/>soient \u00e9limin\u00e9s de mani\u00e8re responsable.<\/p><p>En choisissant notre service, les entreprises peuvent compter sur une \u00e9limination efficace des <br \/>d\u00e9chets d&#8217;hydrocarbure, contribuant \u00e0 la pr\u00e9servation de l&#8217;environnement et \u00e0 la conformit\u00e9 aux\u00a0r\u00e9glementations. Nous travaillons avec d\u00e9termination pour garantir la propret\u00e9 et l&#8217;int\u00e9grit\u00e9 des cuves, assurant un fonctionnement s\u00fbr et durable.\u00a0<\/p><p>\u00a0<\/p>\t\t\t\t\t\t\t\t<\/div>\n\t\t\t\t<\/div>\n\t\t\t\t<div class=\"elementor-element elementor-element-75c6588 e-transform elementor-widget elementor-widget-button\" data-id=\"75c6588\" data-element_type=\"widget\" data-e-type=\"widget\" data-settings=\"{&quot;_transform_skewX_effect&quot;:{&quot;unit&quot;:&quot;px&quot;,&quot;size&quot;:10,&quot;sizes&quot;:[]},&quot;_transform_skewX_effect_tablet&quot;:{&quot;unit&quot;:&quot;deg&quot;,&quot;size&quot;:&quot;&quot;,&quot;sizes&quot;:[]},&quot;_transform_skewX_effect_mobile&quot;:{&quot;unit&quot;:&quot;deg&quot;,&quot;size&quot;:&quot;&quot;,&quot;sizes&quot;:[]},&quot;_transform_skewY_effect&quot;:{&quot;unit&quot;:&quot;px&quot;,&quot;size&quot;:&quot;&quot;,&quot;sizes&quot;:[]},&quot;_transform_skewY_effect_tablet&quot;:{&quot;unit&quot;:&quot;deg&quot;,&quot;size&quot;:&quot;&quot;,&quot;sizes&quot;:[]},&quot;_transform_skewY_effect_mobile&quot;:{&quot;unit&quot;:&quot;deg&quot;,&quot;size&quot;:&quot;&quot;,&quot;sizes&quot;:[]}}\" data-widget_type=\"button.default\">\n\t\t\t\t<div class=\"elementor-widget-container\">\n\t\t\t\t\t\t\t\t\t<div class=\"elementor-button-wrapper\">\n\t\t\t\t\t<a class=\"elementor-button elementor-button-link elementor-size-sm\" href=\"https:\/\/2xenvironnement.com\/index.php\/contact\/\">\n\t\t\t\t\t\t<span class=\"elementor-button-content-wrapper\">\n\t\t\t\t\t\t<span class=\"elementor-button-icon\">\n\t\t\t\t<svg aria-hidden=\"true\" class=\"e-font-icon-svg e-fas-phone-alt\" viewBox=\"0 0 512 512\" xmlns=\"http:\/\/www.w3.org\/2000\/svg\"><path d=\"M497.39 361.8l-112-48a24 24 0 0 0-28 6.9l-49.6 60.6A370.66 370.66 0 0 1 130.6 204.11l60.6-49.6a23.94 23.94 0 0 0 6.9-28l-48-112A24.16 24.16 0 0 0 122.6.61l-104 24A24 24 0 0 0 0 48c0 256.5 207.9 464 464 464a24 24 0 0 0 23.4-18.6l24-104a24.29 24.29 0 0 0-14.01-27.6z\"><\/path><\/svg>\t\t\t<\/span>\n\t\t\t\t\t\t\t\t\t<span class=\"elementor-button-text\">Contactez-Nous<\/span>\n\t\t\t\t\t<\/span>\n\t\t\t\t\t<\/a>\n\t\t\t\t<\/div>\n\t\t\t\t\t\t\t\t<\/div>\n\t\t\t\t<\/div>\n\t\t\t\t<\/div>\n\t\t<div class=\"elementor-element elementor-element-1033e01 e-con-full e-flex e-con e-child\" data-id=\"1033e01\" data-element_type=\"container\" data-e-type=\"container\">\n\t\t<div class=\"elementor-element elementor-element-5e3c9e6 e-flex e-con-boxed e-con e-child\" data-id=\"5e3c9e6\" data-element_type=\"container\" data-e-type=\"container\">\n\t\t\t\t\t<div class=\"e-con-inner\">\n\t\t\t\t<div class=\"elementor-element elementor-element-4327d6a elementor-widget elementor-widget-image\" data-id=\"4327d6a\" data-element_type=\"widget\" data-e-type=\"widget\" data-widget_type=\"image.default\">\n\t\t\t\t<div class=\"elementor-widget-container\">\n\t\t\t\t\t\t\t\t\t\t\t\t\t\t\t<img fetchpriority=\"high\" decoding=\"async\" width=\"1024\" height=\"1024\" src=\"https:\/\/2xenvironnement.com\/wp-content\/uploads\/2024\/01\/0a289bc1-ca49-47c6-9841-7618073f4d9c.jpeg\" class=\"attachment-large size-large wp-image-426\" alt=\"\" srcset=\"https:\/\/2xenvironnement.com\/wp-content\/uploads\/2024\/01\/0a289bc1-ca49-47c6-9841-7618073f4d9c.jpeg 1024w, https:\/\/2xenvironnement.com\/wp-content\/uploads\/2024\/01\/0a289bc1-ca49-47c6-9841-7618073f4d9c-300x300.jpeg 300w, https:\/\/2xenvironnement.com\/wp-content\/uploads\/2024\/01\/0a289bc1-ca49-47c6-9841-7618073f4d9c-150x150.jpeg 150w, https:\/\/2xenvironnement.com\/wp-content\/uploads\/2024\/01\/0a289bc1-ca49-47c6-9841-7618073f4d9c-768x768.jpeg 768w, https:\/\/2xenvironnement.com\/wp-content\/uploads\/2024\/01\/0a289bc1-ca49-47c6-9841-7618073f4d9c-600x600.jpeg 600w, https:\/\/2xenvironnement.com\/wp-content\/uploads\/2024\/01\/0a289bc1-ca49-47c6-9841-7618073f4d9c-100x100.jpeg 100w\" sizes=\"(max-width: 1024px) 100vw, 1024px\" \/>\t\t\t\t\t\t\t\t\t\t\t\t\t\t\t<\/div>\n\t\t\t\t<\/div>\n\t\t\t\t\t<\/div>\n\t\t\t\t<\/div>\n\t\t<div class=\"elementor-element elementor-element-488c060 e-flex e-con-boxed e-con e-child\" data-id=\"488c060\" data-element_type=\"container\" data-e-type=\"container\">\n\t\t\t\t\t<div class=\"e-con-inner\">\n\t\t\t\t<div class=\"elementor-element elementor-element-d67cddb elementor-widget elementor-widget-image\" data-id=\"d67cddb\" data-element_type=\"widget\" data-e-type=\"widget\" data-widget_type=\"image.default\">\n\t\t\t\t<div class=\"elementor-widget-container\">\n\t\t\t\t\t\t\t\t\t\t\t\t\t\t\t<img decoding=\"async\" width=\"370\" height=\"459\" src=\"https:\/\/2xenvironnement.com\/wp-content\/uploads\/2024\/05\/cuves.png\" class=\"attachment-large size-large wp-image-953\" alt=\"\" srcset=\"https:\/\/2xenvironnement.com\/wp-content\/uploads\/2024\/05\/cuves.png 370w, https:\/\/2xenvironnement.com\/wp-content\/uploads\/2024\/05\/cuves-242x300.png 242w\" sizes=\"(max-width: 370px) 100vw, 370px\" \/>\t\t\t\t\t\t\t\t\t\t\t\t\t\t\t<\/div>\n\t\t\t\t<\/div>\n\t\t\t\t\t<\/div>\n\t\t\t\t<\/div>\n\t\t\t\t<\/div>\n\t\t\t\t\t<\/div>\n\t\t\t\t<\/div>\n\t\t\t\t<\/div>\n\t\t","protected":false},"excerpt":{"rendered":"<p>Curage et nettoyage des fonds de cuves d\u2019hydrocarbures Notre service de curage et nettoyage des fonds de cuve d&#8217;hydrocarbure assure une gestion minutieuse des r\u00e9sidus p\u00e9troliers. Nous utilisons des \u00e9quipements sp\u00e9cialis\u00e9s et des m\u00e9thodes s\u00e9curis\u00e9es pour \u00e9liminer les s\u00e9diments et les d\u00e9bris, tout en minimisant les risques environnementaux. Le processus de curage et nettoyage est [&hellip;]<\/p>\n","protected":false},"author":1,"featured_media":0,"parent":0,"menu_order":0,"comment_status":"closed","ping_status":"closed","template":"elementor_header_footer","meta":{"om_disable_all_campaigns":false,"_uf_show_specific_survey":0,"_uf_disable_surveys":false,"footnotes":""},"class_list":["post-708","page","type-page","status-publish","hentry"],"aioseo_notices":[],"_links":{"self":[{"href":"https:\/\/2xenvironnement.com\/index.php\/wp-json\/wp\/v2\/pages\/708","targetHints":{"allow":["GET"]}}],"collection":[{"href":"https:\/\/2xenvironnement.com\/index.php\/wp-json\/wp\/v2\/pages"}],"about":[{"href":"https:\/\/2xenvironnement.com\/index.php\/wp-json\/wp\/v2\/types\/page"}],"author":[{"embeddable":true,"href":"https:\/\/2xenvironnement.com\/index.php\/wp-json\/wp\/v2\/users\/1"}],"replies":[{"embeddable":true,"href":"https:\/\/2xenvironnement.com\/index.php\/wp-json\/wp\/v2\/comments?post=708"}],"version-history":[{"count":10,"href":"https:\/\/2xenvironnement.com\/index.php\/wp-json\/wp\/v2\/pages\/708\/revisions"}],"predecessor-version":[{"id":956,"href":"https:\/\/2xenvironnement.com\/index.php\/wp-json\/wp\/v2\/pages\/708\/revisions\/956"}],"wp:attachment":[{"href":"https:\/\/2xenvironnement.com\/index.php\/wp-json\/wp\/v2\/media?parent=708"}],"curies":[{"name":"wp","href":"https:\/\/api.w.org\/{rel}","templated":true}]}}