{"id":700,"date":"2024-02-07T16:44:29","date_gmt":"2024-02-07T15:44:29","guid":{"rendered":"https:\/\/2xenvironnement.com\/?page_id=700"},"modified":"2024-05-10T00:09:43","modified_gmt":"2024-05-09T22:09:43","slug":"depollution-des-sites","status":"publish","type":"page","link":"https:\/\/2xenvironnement.com\/index.php\/depollution-des-sites\/","title":{"rendered":"D\u00e9pollution des sites"},"content":{"rendered":"\t\t<div data-elementor-type=\"wp-page\" data-elementor-id=\"700\" class=\"elementor elementor-700\">\n\t\t\t\t<div class=\"elementor-element elementor-element-5f5b670 e-flex e-con-boxed e-con e-parent\" data-id=\"5f5b670\" data-element_type=\"container\" data-e-type=\"container\">\n\t\t\t\t\t<div class=\"e-con-inner\">\n\t\t<div class=\"elementor-element elementor-element-886b2d7 e-con-full e-flex e-con e-child\" data-id=\"886b2d7\" data-element_type=\"container\" data-e-type=\"container\">\n\t\t\t\t<div class=\"elementor-element elementor-element-e1d370a elementor-widget elementor-widget-heading\" data-id=\"e1d370a\" data-element_type=\"widget\" data-e-type=\"widget\" data-widget_type=\"heading.default\">\n\t\t\t\t<div class=\"elementor-widget-container\">\n\t\t\t\t\t<h2 class=\"elementor-heading-title elementor-size-default\">D\u00e9pollution des sites<\/h2>\t\t\t\t<\/div>\n\t\t\t\t<\/div>\n\t\t\t\t<div class=\"elementor-element elementor-element-4d3599b elementor-widget elementor-widget-text-editor\" data-id=\"4d3599b\" data-element_type=\"widget\" data-e-type=\"widget\" data-widget_type=\"text-editor.default\">\n\t\t\t\t<div class=\"elementor-widget-container\">\n\t\t\t\t\t\t\t\t\t<p>Notre service de d\u00e9pollution des sites offre une solution compl\u00e8te pour rem\u00e9dier aux probl\u00e8mes <br>environnementaux. Nous commen\u00e7ons par une \u00e9valuation d\u00e9taill\u00e9e du site pour identifier les <br>contaminants pr\u00e9sents. Ensuite, notre \u00e9quipe d&#8217;experts \u00e9labore un plan de d\u00e9pollution sur <br>mesure, en utilisant des technologies avanc\u00e9es et des m\u00e9thodes respectueuses de <br>l&#8217;environnement.<\/p><p><br><\/p>\n<p>La phase d&#8217;intervention comprend la mise en \u0153uvre des mesures de d\u00e9pollution, telles que la <br>d\u00e9contamination des sols, la gestion des eaux souterraines et la neutralisation des substances <br>toxiques. Nous veillons \u00e0 respecter les normes r\u00e9glementaires et \u00e0 minimiser l&#8217;impact sur les <br>\u00e9cosyst\u00e8mes locaux.<\/p><p><br><\/p>\n<p>Apr\u00e8s la d\u00e9pollution, nous effectuons des tests de qualit\u00e9 de l&#8217;air, de l&#8217;eau et du sol pour garantir <br>la s\u00e9curit\u00e9 du site. Notre engagement envers le d\u00e9veloppement durable guide notre approche, <br>et nous travaillons activement pour restaurer les sites d\u00e9grad\u00e9s tout en pr\u00e9servant la biodiversit\u00e9.<\/p><p><br><\/p>\n<p>En choisissant notre service de d\u00e9pollution des sites, vous b\u00e9n\u00e9ficiez d&#8217;une expertise <br>approfondie visant \u00e0 r\u00e9habiliter les espaces contamin\u00e9s et \u00e0 contribuer \u00e0 la pr\u00e9servation \u00e0 long <br>terme de l&#8217;environnement local.<\/p>\t\t\t\t\t\t\t\t<\/div>\n\t\t\t\t<\/div>\n\t\t\t\t<div class=\"elementor-element elementor-element-d278e25 e-transform elementor-widget elementor-widget-button\" data-id=\"d278e25\" data-element_type=\"widget\" data-e-type=\"widget\" data-settings=\"{&quot;_transform_skewX_effect&quot;:{&quot;unit&quot;:&quot;px&quot;,&quot;size&quot;:10,&quot;sizes&quot;:[]},&quot;_transform_skewX_effect_tablet&quot;:{&quot;unit&quot;:&quot;deg&quot;,&quot;size&quot;:&quot;&quot;,&quot;sizes&quot;:[]},&quot;_transform_skewX_effect_mobile&quot;:{&quot;unit&quot;:&quot;deg&quot;,&quot;size&quot;:&quot;&quot;,&quot;sizes&quot;:[]},&quot;_transform_skewY_effect&quot;:{&quot;unit&quot;:&quot;px&quot;,&quot;size&quot;:&quot;&quot;,&quot;sizes&quot;:[]},&quot;_transform_skewY_effect_tablet&quot;:{&quot;unit&quot;:&quot;deg&quot;,&quot;size&quot;:&quot;&quot;,&quot;sizes&quot;:[]},&quot;_transform_skewY_effect_mobile&quot;:{&quot;unit&quot;:&quot;deg&quot;,&quot;size&quot;:&quot;&quot;,&quot;sizes&quot;:[]}}\" data-widget_type=\"button.default\">\n\t\t\t\t<div class=\"elementor-widget-container\">\n\t\t\t\t\t\t\t\t\t<div class=\"elementor-button-wrapper\">\n\t\t\t\t\t<a class=\"elementor-button elementor-button-link elementor-size-sm\" href=\"https:\/\/2xenvironnement.com\/index.php\/contact\/\">\n\t\t\t\t\t\t<span class=\"elementor-button-content-wrapper\">\n\t\t\t\t\t\t<span class=\"elementor-button-icon\">\n\t\t\t\t<svg aria-hidden=\"true\" class=\"e-font-icon-svg e-fas-phone-alt\" viewBox=\"0 0 512 512\" xmlns=\"http:\/\/www.w3.org\/2000\/svg\"><path d=\"M497.39 361.8l-112-48a24 24 0 0 0-28 6.9l-49.6 60.6A370.66 370.66 0 0 1 130.6 204.11l60.6-49.6a23.94 23.94 0 0 0 6.9-28l-48-112A24.16 24.16 0 0 0 122.6.61l-104 24A24 24 0 0 0 0 48c0 256.5 207.9 464 464 464a24 24 0 0 0 23.4-18.6l24-104a24.29 24.29 0 0 0-14.01-27.6z\"><\/path><\/svg>\t\t\t<\/span>\n\t\t\t\t\t\t\t\t\t<span class=\"elementor-button-text\">Contactez-Nous<\/span>\n\t\t\t\t\t<\/span>\n\t\t\t\t\t<\/a>\n\t\t\t\t<\/div>\n\t\t\t\t\t\t\t\t<\/div>\n\t\t\t\t<\/div>\n\t\t\t\t<\/div>\n\t\t<div class=\"elementor-element elementor-element-a3dc6ce e-con-full e-flex e-con e-child\" data-id=\"a3dc6ce\" data-element_type=\"container\" data-e-type=\"container\">\n\t\t<div class=\"elementor-element elementor-element-80f1d75 e-flex e-con-boxed e-con e-child\" data-id=\"80f1d75\" data-element_type=\"container\" data-e-type=\"container\">\n\t\t\t\t\t<div class=\"e-con-inner\">\n\t\t\t\t<div class=\"elementor-element elementor-element-8317c0d elementor-widget elementor-widget-image\" data-id=\"8317c0d\" data-element_type=\"widget\" data-e-type=\"widget\" data-widget_type=\"image.default\">\n\t\t\t\t<div class=\"elementor-widget-container\">\n\t\t\t\t\t\t\t\t\t\t\t\t\t\t\t<img fetchpriority=\"high\" decoding=\"async\" width=\"1024\" height=\"1024\" src=\"https:\/\/2xenvironnement.com\/wp-content\/uploads\/2024\/01\/805a7f0e-9a3d-4164-a2c0-c1d4876398a6.jpeg\" class=\"attachment-large size-large wp-image-425\" alt=\"\" srcset=\"https:\/\/2xenvironnement.com\/wp-content\/uploads\/2024\/01\/805a7f0e-9a3d-4164-a2c0-c1d4876398a6.jpeg 1024w, https:\/\/2xenvironnement.com\/wp-content\/uploads\/2024\/01\/805a7f0e-9a3d-4164-a2c0-c1d4876398a6-300x300.jpeg 300w, https:\/\/2xenvironnement.com\/wp-content\/uploads\/2024\/01\/805a7f0e-9a3d-4164-a2c0-c1d4876398a6-150x150.jpeg 150w, https:\/\/2xenvironnement.com\/wp-content\/uploads\/2024\/01\/805a7f0e-9a3d-4164-a2c0-c1d4876398a6-768x768.jpeg 768w, https:\/\/2xenvironnement.com\/wp-content\/uploads\/2024\/01\/805a7f0e-9a3d-4164-a2c0-c1d4876398a6-600x600.jpeg 600w, https:\/\/2xenvironnement.com\/wp-content\/uploads\/2024\/01\/805a7f0e-9a3d-4164-a2c0-c1d4876398a6-100x100.jpeg 100w\" sizes=\"(max-width: 1024px) 100vw, 1024px\" \/>\t\t\t\t\t\t\t\t\t\t\t\t\t\t\t<\/div>\n\t\t\t\t<\/div>\n\t\t\t\t\t<\/div>\n\t\t\t\t<\/div>\n\t\t<div class=\"elementor-element elementor-element-6d8c9c9 e-flex e-con-boxed e-con e-child\" data-id=\"6d8c9c9\" data-element_type=\"container\" data-e-type=\"container\">\n\t\t\t\t\t<div class=\"e-con-inner\">\n\t\t\t\t<div class=\"elementor-element elementor-element-8abb5c6 elementor-widget elementor-widget-image\" data-id=\"8abb5c6\" data-element_type=\"widget\" data-e-type=\"widget\" data-widget_type=\"image.default\">\n\t\t\t\t<div class=\"elementor-widget-container\">\n\t\t\t\t\t\t\t\t\t\t\t\t\t\t\t<img decoding=\"async\" width=\"400\" height=\"334\" src=\"https:\/\/2xenvironnement.com\/wp-content\/uploads\/2024\/02\/gallery13.png\" class=\"attachment-large size-large wp-image-568\" alt=\"\" srcset=\"https:\/\/2xenvironnement.com\/wp-content\/uploads\/2024\/02\/gallery13.png 400w, https:\/\/2xenvironnement.com\/wp-content\/uploads\/2024\/02\/gallery13-300x251.png 300w\" sizes=\"(max-width: 400px) 100vw, 400px\" \/>\t\t\t\t\t\t\t\t\t\t\t\t\t\t\t<\/div>\n\t\t\t\t<\/div>\n\t\t\t\t\t<\/div>\n\t\t\t\t<\/div>\n\t\t<div class=\"elementor-element elementor-element-7826be8 e-flex e-con-boxed e-con e-child\" data-id=\"7826be8\" data-element_type=\"container\" data-e-type=\"container\">\n\t\t\t\t\t<div class=\"e-con-inner\">\n\t\t\t\t<div class=\"elementor-element elementor-element-ab83526 elementor-widget elementor-widget-image\" data-id=\"ab83526\" data-element_type=\"widget\" data-e-type=\"widget\" data-widget_type=\"image.default\">\n\t\t\t\t<div class=\"elementor-widget-container\">\n\t\t\t\t\t\t\t\t\t\t\t\t\t\t\t<img decoding=\"async\" width=\"530\" height=\"292\" src=\"https:\/\/2xenvironnement.com\/wp-content\/uploads\/2024\/05\/sites.png\" class=\"attachment-large size-large wp-image-949\" alt=\"\" srcset=\"https:\/\/2xenvironnement.com\/wp-content\/uploads\/2024\/05\/sites.png 530w, https:\/\/2xenvironnement.com\/wp-content\/uploads\/2024\/05\/sites-300x165.png 300w\" sizes=\"(max-width: 530px) 100vw, 530px\" \/>\t\t\t\t\t\t\t\t\t\t\t\t\t\t\t<\/div>\n\t\t\t\t<\/div>\n\t\t\t\t\t<\/div>\n\t\t\t\t<\/div>\n\t\t\t\t<\/div>\n\t\t\t\t\t<\/div>\n\t\t\t\t<\/div>\n\t\t\t\t<\/div>\n\t\t","protected":false},"excerpt":{"rendered":"<p>D\u00e9pollution des sites Notre service de d\u00e9pollution des sites offre une solution compl\u00e8te pour rem\u00e9dier aux probl\u00e8mes environnementaux. Nous commen\u00e7ons par une \u00e9valuation d\u00e9taill\u00e9e du site pour identifier les contaminants pr\u00e9sents. Ensuite, notre \u00e9quipe d&#8217;experts \u00e9labore un plan de d\u00e9pollution sur mesure, en utilisant des technologies avanc\u00e9es et des m\u00e9thodes respectueuses de l&#8217;environnement. La phase [&hellip;]<\/p>\n","protected":false},"author":1,"featured_media":0,"parent":0,"menu_order":0,"comment_status":"closed","ping_status":"closed","template":"elementor_header_footer","meta":{"om_disable_all_campaigns":false,"_uf_show_specific_survey":0,"_uf_disable_surveys":false,"footnotes":""},"class_list":["post-700","page","type-page","status-publish","hentry"],"aioseo_notices":[],"_links":{"self":[{"href":"https:\/\/2xenvironnement.com\/index.php\/wp-json\/wp\/v2\/pages\/700","targetHints":{"allow":["GET"]}}],"collection":[{"href":"https:\/\/2xenvironnement.com\/index.php\/wp-json\/wp\/v2\/pages"}],"about":[{"href":"https:\/\/2xenvironnement.com\/index.php\/wp-json\/wp\/v2\/types\/page"}],"author":[{"embeddable":true,"href":"https:\/\/2xenvironnement.com\/index.php\/wp-json\/wp\/v2\/users\/1"}],"replies":[{"embeddable":true,"href":"https:\/\/2xenvironnement.com\/index.php\/wp-json\/wp\/v2\/comments?post=700"}],"version-history":[{"count":13,"href":"https:\/\/2xenvironnement.com\/index.php\/wp-json\/wp\/v2\/pages\/700\/revisions"}],"predecessor-version":[{"id":952,"href":"https:\/\/2xenvironnement.com\/index.php\/wp-json\/wp\/v2\/pages\/700\/revisions\/952"}],"wp:attachment":[{"href":"https:\/\/2xenvironnement.com\/index.php\/wp-json\/wp\/v2\/media?parent=700"}],"curies":[{"name":"wp","href":"https:\/\/api.w.org\/{rel}","templated":true}]}}