{"id":694,"date":"2024-02-07T16:36:22","date_gmt":"2024-02-07T15:36:22","guid":{"rendered":"https:\/\/2xenvironnement.com\/?page_id=694"},"modified":"2024-05-10T00:04:35","modified_gmt":"2024-05-09T22:04:35","slug":"fournitures-des-huiles-combustibles","status":"publish","type":"page","link":"https:\/\/2xenvironnement.com\/index.php\/fournitures-des-huiles-combustibles\/","title":{"rendered":"Fournitures des huiles combustibles"},"content":{"rendered":"\t\t<div data-elementor-type=\"wp-page\" data-elementor-id=\"694\" class=\"elementor elementor-694\">\n\t\t\t\t<div class=\"elementor-element elementor-element-84ff131 e-flex e-con-boxed e-con e-parent\" data-id=\"84ff131\" data-element_type=\"container\" data-e-type=\"container\">\n\t\t\t\t\t<div class=\"e-con-inner\">\n\t\t<div class=\"elementor-element elementor-element-1dd1317 e-con-full e-flex e-con e-child\" data-id=\"1dd1317\" data-element_type=\"container\" data-e-type=\"container\">\n\t\t\t\t<div class=\"elementor-element elementor-element-7c68e9b elementor-widget elementor-widget-heading\" data-id=\"7c68e9b\" data-element_type=\"widget\" data-e-type=\"widget\" data-widget_type=\"heading.default\">\n\t\t\t\t<div class=\"elementor-widget-container\">\n\t\t\t\t\t<h2 class=\"elementor-heading-title elementor-size-default\">Fournitures des huiles combustibles<\/h2>\t\t\t\t<\/div>\n\t\t\t\t<\/div>\n\t\t\t\t<div class=\"elementor-element elementor-element-5099b60 elementor-widget elementor-widget-text-editor\" data-id=\"5099b60\" data-element_type=\"widget\" data-e-type=\"widget\" data-widget_type=\"text-editor.default\">\n\t\t\t\t<div class=\"elementor-widget-container\">\n\t\t\t\t\t\t\t\t\t<p>Nous fournissons des huiles combustibles de haute qualit\u00e9 pour r\u00e9pondre aux besoins <br \/>\u00e9nerg\u00e9tiques de nos clients. Notre gamme de produits inclut des huiles adapt\u00e9es \u00e0 diverses <br \/>applications, telles que le chauffage industriel, les chaudi\u00e8res, et d&#8217;autres processus de <br \/>combustion. Nous nous effor\u00e7ons de fournir des huiles combustibles conformes aux normes <br \/>environnementales et \u00e9nerg\u00e9tiques les plus r\u00e9centes.<\/p><p>\u00a0 <br \/>En choisissant notre service de fourniture d&#8217;huiles combustibles, vous b\u00e9n\u00e9ficiez d&#8217;une livraison <br \/>fiable et ponctuelle, assurant un approvisionnement constant en \u00e9nergie. Nous travaillons avec <br \/>des fournisseurs renomm\u00e9s pour garantir la qualit\u00e9 de nos produits, tout en offrant des options <br \/>adapt\u00e9es aux besoins sp\u00e9cifiques de chaque client.<\/p><p>\u00a0 <br \/>Que ce soit pour des besoins industriels ou commerciaux, notre engagement est de fournir des <br \/>huiles combustibles efficaces, contribuant \u00e0 l&#8217;optimisation des processus \u00e9nerg\u00e9tiques de nos <br \/>clients.<\/p>\t\t\t\t\t\t\t\t<\/div>\n\t\t\t\t<\/div>\n\t\t\t\t<div class=\"elementor-element elementor-element-4247769 e-transform elementor-widget elementor-widget-button\" data-id=\"4247769\" data-element_type=\"widget\" data-e-type=\"widget\" data-settings=\"{&quot;_transform_skewX_effect&quot;:{&quot;unit&quot;:&quot;px&quot;,&quot;size&quot;:10,&quot;sizes&quot;:[]},&quot;_transform_skewX_effect_tablet&quot;:{&quot;unit&quot;:&quot;deg&quot;,&quot;size&quot;:&quot;&quot;,&quot;sizes&quot;:[]},&quot;_transform_skewX_effect_mobile&quot;:{&quot;unit&quot;:&quot;deg&quot;,&quot;size&quot;:&quot;&quot;,&quot;sizes&quot;:[]},&quot;_transform_skewY_effect&quot;:{&quot;unit&quot;:&quot;px&quot;,&quot;size&quot;:&quot;&quot;,&quot;sizes&quot;:[]},&quot;_transform_skewY_effect_tablet&quot;:{&quot;unit&quot;:&quot;deg&quot;,&quot;size&quot;:&quot;&quot;,&quot;sizes&quot;:[]},&quot;_transform_skewY_effect_mobile&quot;:{&quot;unit&quot;:&quot;deg&quot;,&quot;size&quot;:&quot;&quot;,&quot;sizes&quot;:[]}}\" data-widget_type=\"button.default\">\n\t\t\t\t<div class=\"elementor-widget-container\">\n\t\t\t\t\t\t\t\t\t<div class=\"elementor-button-wrapper\">\n\t\t\t\t\t<a class=\"elementor-button elementor-button-link elementor-size-sm\" href=\"https:\/\/2xenvironnement.com\/index.php\/contact\/\">\n\t\t\t\t\t\t<span class=\"elementor-button-content-wrapper\">\n\t\t\t\t\t\t<span class=\"elementor-button-icon\">\n\t\t\t\t<svg aria-hidden=\"true\" class=\"e-font-icon-svg e-fas-phone-alt\" viewBox=\"0 0 512 512\" xmlns=\"http:\/\/www.w3.org\/2000\/svg\"><path d=\"M497.39 361.8l-112-48a24 24 0 0 0-28 6.9l-49.6 60.6A370.66 370.66 0 0 1 130.6 204.11l60.6-49.6a23.94 23.94 0 0 0 6.9-28l-48-112A24.16 24.16 0 0 0 122.6.61l-104 24A24 24 0 0 0 0 48c0 256.5 207.9 464 464 464a24 24 0 0 0 23.4-18.6l24-104a24.29 24.29 0 0 0-14.01-27.6z\"><\/path><\/svg>\t\t\t<\/span>\n\t\t\t\t\t\t\t\t\t<span class=\"elementor-button-text\">Contactez-Nous<\/span>\n\t\t\t\t\t<\/span>\n\t\t\t\t\t<\/a>\n\t\t\t\t<\/div>\n\t\t\t\t\t\t\t\t<\/div>\n\t\t\t\t<\/div>\n\t\t\t\t<\/div>\n\t\t<div class=\"elementor-element elementor-element-62b6fff e-con-full e-flex e-con e-child\" data-id=\"62b6fff\" data-element_type=\"container\" data-e-type=\"container\">\n\t\t<div class=\"elementor-element elementor-element-987585c e-flex e-con-boxed e-con e-child\" data-id=\"987585c\" data-element_type=\"container\" data-e-type=\"container\">\n\t\t\t\t\t<div class=\"e-con-inner\">\n\t\t\t\t<div class=\"elementor-element elementor-element-1327056 elementor-widget elementor-widget-image\" data-id=\"1327056\" data-element_type=\"widget\" data-e-type=\"widget\" data-widget_type=\"image.default\">\n\t\t\t\t<div class=\"elementor-widget-container\">\n\t\t\t\t\t\t\t\t\t\t\t\t\t\t\t<img fetchpriority=\"high\" decoding=\"async\" width=\"455\" height=\"314\" src=\"https:\/\/2xenvironnement.com\/wp-content\/uploads\/2024\/05\/huile2.png\" class=\"attachment-large size-large wp-image-944\" alt=\"\" srcset=\"https:\/\/2xenvironnement.com\/wp-content\/uploads\/2024\/05\/huile2.png 455w, https:\/\/2xenvironnement.com\/wp-content\/uploads\/2024\/05\/huile2-300x207.png 300w\" sizes=\"(max-width: 455px) 100vw, 455px\" \/>\t\t\t\t\t\t\t\t\t\t\t\t\t\t\t<\/div>\n\t\t\t\t<\/div>\n\t\t\t\t\t<\/div>\n\t\t\t\t<\/div>\n\t\t<div class=\"elementor-element elementor-element-38eb0d8 e-flex e-con-boxed e-con e-child\" data-id=\"38eb0d8\" data-element_type=\"container\" data-e-type=\"container\">\n\t\t\t\t\t<div class=\"e-con-inner\">\n\t\t\t\t<div class=\"elementor-element elementor-element-e25866c elementor-widget elementor-widget-image\" data-id=\"e25866c\" data-element_type=\"widget\" data-e-type=\"widget\" data-widget_type=\"image.default\">\n\t\t\t\t<div class=\"elementor-widget-container\">\n\t\t\t\t\t\t\t\t\t\t\t\t\t\t\t<img decoding=\"async\" width=\"528\" height=\"297\" src=\"https:\/\/2xenvironnement.com\/wp-content\/uploads\/2024\/05\/huile.png\" class=\"attachment-large size-large wp-image-942\" alt=\"\" srcset=\"https:\/\/2xenvironnement.com\/wp-content\/uploads\/2024\/05\/huile.png 528w, https:\/\/2xenvironnement.com\/wp-content\/uploads\/2024\/05\/huile-300x169.png 300w\" sizes=\"(max-width: 528px) 100vw, 528px\" \/>\t\t\t\t\t\t\t\t\t\t\t\t\t\t\t<\/div>\n\t\t\t\t<\/div>\n\t\t\t\t\t<\/div>\n\t\t\t\t<\/div>\n\t\t\t\t<\/div>\n\t\t\t\t\t<\/div>\n\t\t\t\t<\/div>\n\t\t\t\t<\/div>\n\t\t","protected":false},"excerpt":{"rendered":"<p>Fournitures des huiles combustibles Nous fournissons des huiles combustibles de haute qualit\u00e9 pour r\u00e9pondre aux besoins \u00e9nerg\u00e9tiques de nos clients. Notre gamme de produits inclut des huiles adapt\u00e9es \u00e0 diverses applications, telles que le chauffage industriel, les chaudi\u00e8res, et d&#8217;autres processus de combustion. Nous nous effor\u00e7ons de fournir des huiles combustibles conformes aux normes environnementales [&hellip;]<\/p>\n","protected":false},"author":1,"featured_media":0,"parent":0,"menu_order":0,"comment_status":"closed","ping_status":"closed","template":"elementor_header_footer","meta":{"om_disable_all_campaigns":false,"_uf_show_specific_survey":0,"_uf_disable_surveys":false,"footnotes":""},"class_list":["post-694","page","type-page","status-publish","hentry"],"aioseo_notices":[],"_links":{"self":[{"href":"https:\/\/2xenvironnement.com\/index.php\/wp-json\/wp\/v2\/pages\/694","targetHints":{"allow":["GET"]}}],"collection":[{"href":"https:\/\/2xenvironnement.com\/index.php\/wp-json\/wp\/v2\/pages"}],"about":[{"href":"https:\/\/2xenvironnement.com\/index.php\/wp-json\/wp\/v2\/types\/page"}],"author":[{"embeddable":true,"href":"https:\/\/2xenvironnement.com\/index.php\/wp-json\/wp\/v2\/users\/1"}],"replies":[{"embeddable":true,"href":"https:\/\/2xenvironnement.com\/index.php\/wp-json\/wp\/v2\/comments?post=694"}],"version-history":[{"count":13,"href":"https:\/\/2xenvironnement.com\/index.php\/wp-json\/wp\/v2\/pages\/694\/revisions"}],"predecessor-version":[{"id":947,"href":"https:\/\/2xenvironnement.com\/index.php\/wp-json\/wp\/v2\/pages\/694\/revisions\/947"}],"wp:attachment":[{"href":"https:\/\/2xenvironnement.com\/index.php\/wp-json\/wp\/v2\/media?parent=694"}],"curies":[{"name":"wp","href":"https:\/\/api.w.org\/{rel}","templated":true}]}}