{"id":686,"date":"2024-02-07T16:29:42","date_gmt":"2024-02-07T15:29:42","guid":{"rendered":"https:\/\/2xenvironnement.com\/?page_id=686"},"modified":"2024-05-09T23:59:01","modified_gmt":"2024-05-09T21:59:01","slug":"assainissement-et-vidange-des-fosses-sanitaires","status":"publish","type":"page","link":"https:\/\/2xenvironnement.com\/index.php\/assainissement-et-vidange-des-fosses-sanitaires\/","title":{"rendered":"Assainissement et vidange des fosses sanitaires"},"content":{"rendered":"\t\t<div data-elementor-type=\"wp-page\" data-elementor-id=\"686\" class=\"elementor elementor-686\">\n\t\t\t\t<div class=\"elementor-element elementor-element-7cc6edb e-flex e-con-boxed e-con e-parent\" data-id=\"7cc6edb\" data-element_type=\"container\" data-e-type=\"container\">\n\t\t\t\t\t<div class=\"e-con-inner\">\n\t\t<div class=\"elementor-element elementor-element-6645813 e-con-full e-flex e-con e-child\" data-id=\"6645813\" data-element_type=\"container\" data-e-type=\"container\">\n\t\t\t\t<div class=\"elementor-element elementor-element-c64d074 elementor-widget elementor-widget-heading\" data-id=\"c64d074\" data-element_type=\"widget\" data-e-type=\"widget\" data-widget_type=\"heading.default\">\n\t\t\t\t<div class=\"elementor-widget-container\">\n\t\t\t\t\t<h2 class=\"elementor-heading-title elementor-size-default\">Assainissement et vidange des fosses sanitaires<\/h2>\t\t\t\t<\/div>\n\t\t\t\t<\/div>\n\t\t\t\t<div class=\"elementor-element elementor-element-d7b0fce elementor-widget elementor-widget-text-editor\" data-id=\"d7b0fce\" data-element_type=\"widget\" data-e-type=\"widget\" data-widget_type=\"text-editor.default\">\n\t\t\t\t<div class=\"elementor-widget-container\">\n\t\t\t\t\t\t\t\t\t<p>Notre service de vidange des fosses sanitaires assure une gestion efficace des d\u00e9chets liquides. <br \/>Nous proposons des interventions planifi\u00e9es ou sur demande, selon les besoins de nos clients. <br \/>Notre \u00e9quipe qualifi\u00e9e utilise des \u00e9quipements sp\u00e9cialis\u00e9s pour extraire et transporter les <br \/>effluents de mani\u00e8re s\u00fbre et hygi\u00e9nique.<\/p><p>\u00a0 <br \/>Le processus de vidange des fosses sanitaires est r\u00e9alis\u00e9 conform\u00e9ment aux normes sanitaires <br \/>et environnementales en vigueur. Nous nous engageons \u00e0 traiter les d\u00e9chets de mani\u00e8re <br \/>responsable, en les transportant vers des centres de traitement agr\u00e9\u00e9s. Notre service vise \u00e0 <br \/>garantir la propret\u00e9 des installations sanitaires tout en contribuant \u00e0 la pr\u00e9servation de <br \/>l&#8217;environnement.<\/p><p>\u00a0<\/p><p>En choisissant notre service de vidange des fosses sanitaires, vous b\u00e9n\u00e9ficiez d&#8217;une solution<br \/>fiable et conforme aux r\u00e9glementations, assurant le bon fonctionnement de vos installations et<br \/>le respect des normes d&#8217;hygi\u00e8ne.\u00a0\u00a0<\/p><p>\u00a0<\/p><p>\u00a0<\/p>\t\t\t\t\t\t\t\t<\/div>\n\t\t\t\t<\/div>\n\t\t\t\t<div class=\"elementor-element elementor-element-f60efbf e-transform elementor-widget elementor-widget-button\" data-id=\"f60efbf\" data-element_type=\"widget\" data-e-type=\"widget\" data-settings=\"{&quot;_transform_skewX_effect&quot;:{&quot;unit&quot;:&quot;px&quot;,&quot;size&quot;:10,&quot;sizes&quot;:[]},&quot;_transform_skewX_effect_tablet&quot;:{&quot;unit&quot;:&quot;deg&quot;,&quot;size&quot;:&quot;&quot;,&quot;sizes&quot;:[]},&quot;_transform_skewX_effect_mobile&quot;:{&quot;unit&quot;:&quot;deg&quot;,&quot;size&quot;:&quot;&quot;,&quot;sizes&quot;:[]},&quot;_transform_skewY_effect&quot;:{&quot;unit&quot;:&quot;px&quot;,&quot;size&quot;:&quot;&quot;,&quot;sizes&quot;:[]},&quot;_transform_skewY_effect_tablet&quot;:{&quot;unit&quot;:&quot;deg&quot;,&quot;size&quot;:&quot;&quot;,&quot;sizes&quot;:[]},&quot;_transform_skewY_effect_mobile&quot;:{&quot;unit&quot;:&quot;deg&quot;,&quot;size&quot;:&quot;&quot;,&quot;sizes&quot;:[]}}\" data-widget_type=\"button.default\">\n\t\t\t\t<div class=\"elementor-widget-container\">\n\t\t\t\t\t\t\t\t\t<div class=\"elementor-button-wrapper\">\n\t\t\t\t\t<a class=\"elementor-button elementor-button-link elementor-size-sm\" href=\"https:\/\/2xenvironnement.com\/index.php\/contact\/\">\n\t\t\t\t\t\t<span class=\"elementor-button-content-wrapper\">\n\t\t\t\t\t\t<span class=\"elementor-button-icon\">\n\t\t\t\t<svg aria-hidden=\"true\" class=\"e-font-icon-svg e-fas-phone-alt\" viewBox=\"0 0 512 512\" xmlns=\"http:\/\/www.w3.org\/2000\/svg\"><path d=\"M497.39 361.8l-112-48a24 24 0 0 0-28 6.9l-49.6 60.6A370.66 370.66 0 0 1 130.6 204.11l60.6-49.6a23.94 23.94 0 0 0 6.9-28l-48-112A24.16 24.16 0 0 0 122.6.61l-104 24A24 24 0 0 0 0 48c0 256.5 207.9 464 464 464a24 24 0 0 0 23.4-18.6l24-104a24.29 24.29 0 0 0-14.01-27.6z\"><\/path><\/svg>\t\t\t<\/span>\n\t\t\t\t\t\t\t\t\t<span class=\"elementor-button-text\">Contactez-Nous<\/span>\n\t\t\t\t\t<\/span>\n\t\t\t\t\t<\/a>\n\t\t\t\t<\/div>\n\t\t\t\t\t\t\t\t<\/div>\n\t\t\t\t<\/div>\n\t\t\t\t<\/div>\n\t\t<div class=\"elementor-element elementor-element-02cb3a3 e-con-full e-flex e-con e-child\" data-id=\"02cb3a3\" data-element_type=\"container\" data-e-type=\"container\">\n\t\t<div class=\"elementor-element elementor-element-9ea28bf e-flex e-con-boxed e-con e-child\" data-id=\"9ea28bf\" data-element_type=\"container\" data-e-type=\"container\">\n\t\t\t\t\t<div class=\"e-con-inner\">\n\t\t\t\t<div class=\"elementor-element elementor-element-2679d45 elementor-widget elementor-widget-image\" data-id=\"2679d45\" data-element_type=\"widget\" data-e-type=\"widget\" data-widget_type=\"image.default\">\n\t\t\t\t<div class=\"elementor-widget-container\">\n\t\t\t\t\t\t\t\t\t\t\t\t\t\t\t<img fetchpriority=\"high\" decoding=\"async\" width=\"1024\" height=\"1024\" src=\"https:\/\/2xenvironnement.com\/wp-content\/uploads\/2024\/01\/06347e3e-788b-45c0-b42e-2247dd2417bf.jpeg\" class=\"attachment-large size-large wp-image-422\" alt=\"\" srcset=\"https:\/\/2xenvironnement.com\/wp-content\/uploads\/2024\/01\/06347e3e-788b-45c0-b42e-2247dd2417bf.jpeg 1024w, https:\/\/2xenvironnement.com\/wp-content\/uploads\/2024\/01\/06347e3e-788b-45c0-b42e-2247dd2417bf-300x300.jpeg 300w, https:\/\/2xenvironnement.com\/wp-content\/uploads\/2024\/01\/06347e3e-788b-45c0-b42e-2247dd2417bf-150x150.jpeg 150w, https:\/\/2xenvironnement.com\/wp-content\/uploads\/2024\/01\/06347e3e-788b-45c0-b42e-2247dd2417bf-768x768.jpeg 768w, https:\/\/2xenvironnement.com\/wp-content\/uploads\/2024\/01\/06347e3e-788b-45c0-b42e-2247dd2417bf-600x600.jpeg 600w, https:\/\/2xenvironnement.com\/wp-content\/uploads\/2024\/01\/06347e3e-788b-45c0-b42e-2247dd2417bf-100x100.jpeg 100w\" sizes=\"(max-width: 1024px) 100vw, 1024px\" \/>\t\t\t\t\t\t\t\t\t\t\t\t\t\t\t<\/div>\n\t\t\t\t<\/div>\n\t\t\t\t\t<\/div>\n\t\t\t\t<\/div>\n\t\t<div class=\"elementor-element elementor-element-979f821 e-flex e-con-boxed e-con e-child\" data-id=\"979f821\" data-element_type=\"container\" data-e-type=\"container\">\n\t\t\t\t\t<div class=\"e-con-inner\">\n\t\t\t\t<div class=\"elementor-element elementor-element-62c189b elementor-widget elementor-widget-image\" data-id=\"62c189b\" data-element_type=\"widget\" data-e-type=\"widget\" data-widget_type=\"image.default\">\n\t\t\t\t<div class=\"elementor-widget-container\">\n\t\t\t\t\t\t\t\t\t\t\t\t\t\t\t<img decoding=\"async\" width=\"1024\" height=\"768\" src=\"https:\/\/2xenvironnement.com\/wp-content\/uploads\/2024\/01\/IMG-20240104-WA0019-1024x768.jpg\" class=\"attachment-large size-large wp-image-58\" alt=\"\" srcset=\"https:\/\/2xenvironnement.com\/wp-content\/uploads\/2024\/01\/IMG-20240104-WA0019-1024x768.jpg 1024w, https:\/\/2xenvironnement.com\/wp-content\/uploads\/2024\/01\/IMG-20240104-WA0019-300x225.jpg 300w, https:\/\/2xenvironnement.com\/wp-content\/uploads\/2024\/01\/IMG-20240104-WA0019-768x576.jpg 768w, https:\/\/2xenvironnement.com\/wp-content\/uploads\/2024\/01\/IMG-20240104-WA0019-600x450.jpg 600w, https:\/\/2xenvironnement.com\/wp-content\/uploads\/2024\/01\/IMG-20240104-WA0019.jpg 1040w\" sizes=\"(max-width: 1024px) 100vw, 1024px\" \/>\t\t\t\t\t\t\t\t\t\t\t\t\t\t\t<\/div>\n\t\t\t\t<\/div>\n\t\t\t\t\t<\/div>\n\t\t\t\t<\/div>\n\t\t<div class=\"elementor-element elementor-element-ed4ce15 e-flex e-con-boxed e-con e-child\" data-id=\"ed4ce15\" data-element_type=\"container\" data-e-type=\"container\">\n\t\t\t\t\t<div class=\"e-con-inner\">\n\t\t\t\t<div class=\"elementor-element elementor-element-971d722 elementor-widget elementor-widget-image\" data-id=\"971d722\" data-element_type=\"widget\" data-e-type=\"widget\" data-widget_type=\"image.default\">\n\t\t\t\t<div class=\"elementor-widget-container\">\n\t\t\t\t\t\t\t\t\t\t\t\t\t\t\t<img decoding=\"async\" width=\"594\" height=\"297\" src=\"https:\/\/2xenvironnement.com\/wp-content\/uploads\/2024\/05\/fosse.png\" class=\"attachment-large size-large wp-image-937\" alt=\"\" srcset=\"https:\/\/2xenvironnement.com\/wp-content\/uploads\/2024\/05\/fosse.png 594w, https:\/\/2xenvironnement.com\/wp-content\/uploads\/2024\/05\/fosse-300x150.png 300w\" sizes=\"(max-width: 594px) 100vw, 594px\" \/>\t\t\t\t\t\t\t\t\t\t\t\t\t\t\t<\/div>\n\t\t\t\t<\/div>\n\t\t\t\t\t<\/div>\n\t\t\t\t<\/div>\n\t\t\t\t<\/div>\n\t\t\t\t\t<\/div>\n\t\t\t\t<\/div>\n\t\t\t\t<\/div>\n\t\t","protected":false},"excerpt":{"rendered":"<p>Assainissement et vidange des fosses sanitaires Notre service de vidange des fosses sanitaires assure une gestion efficace des d\u00e9chets liquides. Nous proposons des interventions planifi\u00e9es ou sur demande, selon les besoins de nos clients. Notre \u00e9quipe qualifi\u00e9e utilise des \u00e9quipements sp\u00e9cialis\u00e9s pour extraire et transporter les effluents de mani\u00e8re s\u00fbre et hygi\u00e9nique. \u00a0 Le processus [&hellip;]<\/p>\n","protected":false},"author":1,"featured_media":0,"parent":0,"menu_order":0,"comment_status":"closed","ping_status":"closed","template":"elementor_header_footer","meta":{"om_disable_all_campaigns":false,"_uf_show_specific_survey":0,"_uf_disable_surveys":false,"footnotes":""},"class_list":["post-686","page","type-page","status-publish","hentry"],"aioseo_notices":[],"_links":{"self":[{"href":"https:\/\/2xenvironnement.com\/index.php\/wp-json\/wp\/v2\/pages\/686","targetHints":{"allow":["GET"]}}],"collection":[{"href":"https:\/\/2xenvironnement.com\/index.php\/wp-json\/wp\/v2\/pages"}],"about":[{"href":"https:\/\/2xenvironnement.com\/index.php\/wp-json\/wp\/v2\/types\/page"}],"author":[{"embeddable":true,"href":"https:\/\/2xenvironnement.com\/index.php\/wp-json\/wp\/v2\/users\/1"}],"replies":[{"embeddable":true,"href":"https:\/\/2xenvironnement.com\/index.php\/wp-json\/wp\/v2\/comments?post=686"}],"version-history":[{"count":19,"href":"https:\/\/2xenvironnement.com\/index.php\/wp-json\/wp\/v2\/pages\/686\/revisions"}],"predecessor-version":[{"id":941,"href":"https:\/\/2xenvironnement.com\/index.php\/wp-json\/wp\/v2\/pages\/686\/revisions\/941"}],"wp:attachment":[{"href":"https:\/\/2xenvironnement.com\/index.php\/wp-json\/wp\/v2\/media?parent=686"}],"curies":[{"name":"wp","href":"https:\/\/api.w.org\/{rel}","templated":true}]}}