{"id":678,"date":"2024-02-07T16:20:13","date_gmt":"2024-02-07T15:20:13","guid":{"rendered":"https:\/\/2xenvironnement.com\/?page_id=678"},"modified":"2024-02-07T18:31:24","modified_gmt":"2024-02-07T17:31:24","slug":"collecte-et-traitement-des-dechets-non-dangereux","status":"publish","type":"page","link":"https:\/\/2xenvironnement.com\/index.php\/collecte-et-traitement-des-dechets-non-dangereux\/","title":{"rendered":"Collecte et traitement des d\u00e9chets non dangereux"},"content":{"rendered":"\t\t<div data-elementor-type=\"wp-page\" data-elementor-id=\"678\" class=\"elementor elementor-678\">\n\t\t\t\t<div class=\"elementor-element elementor-element-a147bfb e-flex e-con-boxed e-con e-parent\" data-id=\"a147bfb\" data-element_type=\"container\" data-e-type=\"container\">\n\t\t\t\t\t<div class=\"e-con-inner\">\n\t\t<div class=\"elementor-element elementor-element-0ba5a78 e-con-full e-flex e-con e-child\" data-id=\"0ba5a78\" data-element_type=\"container\" data-e-type=\"container\">\n\t\t\t\t<div class=\"elementor-element elementor-element-1842f75 elementor-widget elementor-widget-heading\" data-id=\"1842f75\" data-element_type=\"widget\" data-e-type=\"widget\" data-widget_type=\"heading.default\">\n\t\t\t\t<div class=\"elementor-widget-container\">\n\t\t\t\t\t<h2 class=\"elementor-heading-title elementor-size-default\">Collecte et traitement des d\u00e9chets non dangereux<\/h2>\t\t\t\t<\/div>\n\t\t\t\t<\/div>\n\t\t\t\t<div class=\"elementor-element elementor-element-e1b7eee elementor-widget elementor-widget-text-editor\" data-id=\"e1b7eee\" data-element_type=\"widget\" data-e-type=\"widget\" data-widget_type=\"text-editor.default\">\n\t\t\t\t<div class=\"elementor-widget-container\">\n\t\t\t\t\t\t\t\t\t<p>Notre entreprise de gestion des d\u00e9chets se sp\u00e9cialise dans la collecte et le traitement efficace des d\u00e9chets non dangereux. Notre service de collecte comprend la mise en place de programmes de ramassage r\u00e9guliers, adapt\u00e9s aux besoins de nos clients. Une fois les d\u00e9chets collect\u00e9s, nous les transportons vers nos installations de traitement modernes et respectueuses de l&#8217;environnement.<\/p><p>\u00a0<\/p><p>\u00a0Le traitement des d\u00e9chets non dangereux est effectu\u00e9 en suivant des normes strictes, incluant le tri, la recyclabilit\u00e9, et la valorisation \u00e9nerg\u00e9tique lorsque possible. Nous nous engageons \u00e0 minimiser l&#8217;impact environnemental en favorisant le recyclage et la r\u00e9duction des d\u00e9chets. De plus, notre \u00e9quipe exp\u00e9riment\u00e9e veille \u00e0 respecter toutes les r\u00e9glementations en vigueur, assurant une gestion responsable des d\u00e9chets.<\/p><p>\u00a0<\/p><p>En choisissant notre service, les entreprises peuvent contribuer activement \u00e0 la pr\u00e9servation de l&#8217;environnement tout en b\u00e9n\u00e9ficiant d&#8217;une gestion des d\u00e9chets fiable et conforme aux normes les plus \u00e9lev\u00e9es.<\/p>\t\t\t\t\t\t\t\t<\/div>\n\t\t\t\t<\/div>\n\t\t\t\t<div class=\"elementor-element elementor-element-3b437e6 e-transform elementor-widget elementor-widget-button\" data-id=\"3b437e6\" data-element_type=\"widget\" data-e-type=\"widget\" data-settings=\"{&quot;_transform_skewX_effect&quot;:{&quot;unit&quot;:&quot;px&quot;,&quot;size&quot;:10,&quot;sizes&quot;:[]},&quot;_transform_skewX_effect_tablet&quot;:{&quot;unit&quot;:&quot;deg&quot;,&quot;size&quot;:&quot;&quot;,&quot;sizes&quot;:[]},&quot;_transform_skewX_effect_mobile&quot;:{&quot;unit&quot;:&quot;deg&quot;,&quot;size&quot;:&quot;&quot;,&quot;sizes&quot;:[]},&quot;_transform_skewY_effect&quot;:{&quot;unit&quot;:&quot;px&quot;,&quot;size&quot;:&quot;&quot;,&quot;sizes&quot;:[]},&quot;_transform_skewY_effect_tablet&quot;:{&quot;unit&quot;:&quot;deg&quot;,&quot;size&quot;:&quot;&quot;,&quot;sizes&quot;:[]},&quot;_transform_skewY_effect_mobile&quot;:{&quot;unit&quot;:&quot;deg&quot;,&quot;size&quot;:&quot;&quot;,&quot;sizes&quot;:[]}}\" data-widget_type=\"button.default\">\n\t\t\t\t<div class=\"elementor-widget-container\">\n\t\t\t\t\t\t\t\t\t<div class=\"elementor-button-wrapper\">\n\t\t\t\t\t<a class=\"elementor-button elementor-button-link elementor-size-sm\" href=\"https:\/\/2xenvironnement.com\/index.php\/contact\/\">\n\t\t\t\t\t\t<span class=\"elementor-button-content-wrapper\">\n\t\t\t\t\t\t<span class=\"elementor-button-icon\">\n\t\t\t\t<svg aria-hidden=\"true\" class=\"e-font-icon-svg e-fas-phone-alt\" viewBox=\"0 0 512 512\" xmlns=\"http:\/\/www.w3.org\/2000\/svg\"><path d=\"M497.39 361.8l-112-48a24 24 0 0 0-28 6.9l-49.6 60.6A370.66 370.66 0 0 1 130.6 204.11l60.6-49.6a23.94 23.94 0 0 0 6.9-28l-48-112A24.16 24.16 0 0 0 122.6.61l-104 24A24 24 0 0 0 0 48c0 256.5 207.9 464 464 464a24 24 0 0 0 23.4-18.6l24-104a24.29 24.29 0 0 0-14.01-27.6z\"><\/path><\/svg>\t\t\t<\/span>\n\t\t\t\t\t\t\t\t\t<span class=\"elementor-button-text\">Contactez-Nous<\/span>\n\t\t\t\t\t<\/span>\n\t\t\t\t\t<\/a>\n\t\t\t\t<\/div>\n\t\t\t\t\t\t\t\t<\/div>\n\t\t\t\t<\/div>\n\t\t\t\t<\/div>\n\t\t<div class=\"elementor-element elementor-element-c1698cd e-con-full e-flex e-con e-child\" data-id=\"c1698cd\" data-element_type=\"container\" data-e-type=\"container\">\n\t\t<div class=\"elementor-element elementor-element-00da999 e-flex e-con-boxed e-con e-child\" data-id=\"00da999\" data-element_type=\"container\" data-e-type=\"container\">\n\t\t\t\t\t<div class=\"e-con-inner\">\n\t\t\t\t<div class=\"elementor-element elementor-element-fb67cf9 elementor-widget elementor-widget-image\" data-id=\"fb67cf9\" data-element_type=\"widget\" data-e-type=\"widget\" data-widget_type=\"image.default\">\n\t\t\t\t<div class=\"elementor-widget-container\">\n\t\t\t\t\t\t\t\t\t\t\t\t\t\t\t<img fetchpriority=\"high\" decoding=\"async\" width=\"1024\" height=\"1024\" src=\"https:\/\/2xenvironnement.com\/wp-content\/uploads\/2024\/01\/b454b2b3-c556-4d0e-b6a6-ce045772cf6b.jpeg\" class=\"attachment-large size-large wp-image-421\" alt=\"\" srcset=\"https:\/\/2xenvironnement.com\/wp-content\/uploads\/2024\/01\/b454b2b3-c556-4d0e-b6a6-ce045772cf6b.jpeg 1024w, https:\/\/2xenvironnement.com\/wp-content\/uploads\/2024\/01\/b454b2b3-c556-4d0e-b6a6-ce045772cf6b-300x300.jpeg 300w, https:\/\/2xenvironnement.com\/wp-content\/uploads\/2024\/01\/b454b2b3-c556-4d0e-b6a6-ce045772cf6b-150x150.jpeg 150w, https:\/\/2xenvironnement.com\/wp-content\/uploads\/2024\/01\/b454b2b3-c556-4d0e-b6a6-ce045772cf6b-768x768.jpeg 768w, https:\/\/2xenvironnement.com\/wp-content\/uploads\/2024\/01\/b454b2b3-c556-4d0e-b6a6-ce045772cf6b-600x600.jpeg 600w, https:\/\/2xenvironnement.com\/wp-content\/uploads\/2024\/01\/b454b2b3-c556-4d0e-b6a6-ce045772cf6b-100x100.jpeg 100w\" sizes=\"(max-width: 1024px) 100vw, 1024px\" \/>\t\t\t\t\t\t\t\t\t\t\t\t\t\t\t<\/div>\n\t\t\t\t<\/div>\n\t\t\t\t\t<\/div>\n\t\t\t\t<\/div>\n\t\t<div class=\"elementor-element elementor-element-c1ef960 e-flex e-con-boxed e-con e-child\" data-id=\"c1ef960\" data-element_type=\"container\" data-e-type=\"container\">\n\t\t\t\t\t<div class=\"e-con-inner\">\n\t\t\t\t<div class=\"elementor-element elementor-element-24219d3 elementor-widget elementor-widget-image\" data-id=\"24219d3\" data-element_type=\"widget\" data-e-type=\"widget\" data-widget_type=\"image.default\">\n\t\t\t\t<div class=\"elementor-widget-container\">\n\t\t\t\t\t\t\t\t\t\t\t\t\t\t\t<img decoding=\"async\" width=\"400\" height=\"334\" src=\"https:\/\/2xenvironnement.com\/wp-content\/uploads\/2024\/02\/gallery15.png\" class=\"attachment-2048x2048 size-2048x2048 wp-image-566\" alt=\"\" srcset=\"https:\/\/2xenvironnement.com\/wp-content\/uploads\/2024\/02\/gallery15.png 400w, https:\/\/2xenvironnement.com\/wp-content\/uploads\/2024\/02\/gallery15-300x251.png 300w\" sizes=\"(max-width: 400px) 100vw, 400px\" \/>\t\t\t\t\t\t\t\t\t\t\t\t\t\t\t<\/div>\n\t\t\t\t<\/div>\n\t\t\t\t\t<\/div>\n\t\t\t\t<\/div>\n\t\t\t\t<\/div>\n\t\t\t\t\t<\/div>\n\t\t\t\t<\/div>\n\t\t\t\t<\/div>\n\t\t","protected":false},"excerpt":{"rendered":"<p>Collecte et traitement des d\u00e9chets non dangereux Notre entreprise de gestion des d\u00e9chets se sp\u00e9cialise dans la collecte et le traitement efficace des d\u00e9chets non dangereux. Notre service de collecte comprend la mise en place de programmes de ramassage r\u00e9guliers, adapt\u00e9s aux besoins de nos clients. Une fois les d\u00e9chets collect\u00e9s, nous les transportons vers [&hellip;]<\/p>\n","protected":false},"author":1,"featured_media":0,"parent":0,"menu_order":0,"comment_status":"closed","ping_status":"closed","template":"elementor_header_footer","meta":{"om_disable_all_campaigns":false,"_uf_show_specific_survey":0,"_uf_disable_surveys":false,"footnotes":""},"class_list":["post-678","page","type-page","status-publish","hentry"],"aioseo_notices":[],"_links":{"self":[{"href":"https:\/\/2xenvironnement.com\/index.php\/wp-json\/wp\/v2\/pages\/678","targetHints":{"allow":["GET"]}}],"collection":[{"href":"https:\/\/2xenvironnement.com\/index.php\/wp-json\/wp\/v2\/pages"}],"about":[{"href":"https:\/\/2xenvironnement.com\/index.php\/wp-json\/wp\/v2\/types\/page"}],"author":[{"embeddable":true,"href":"https:\/\/2xenvironnement.com\/index.php\/wp-json\/wp\/v2\/users\/1"}],"replies":[{"embeddable":true,"href":"https:\/\/2xenvironnement.com\/index.php\/wp-json\/wp\/v2\/comments?post=678"}],"version-history":[{"count":10,"href":"https:\/\/2xenvironnement.com\/index.php\/wp-json\/wp\/v2\/pages\/678\/revisions"}],"predecessor-version":[{"id":738,"href":"https:\/\/2xenvironnement.com\/index.php\/wp-json\/wp\/v2\/pages\/678\/revisions\/738"}],"wp:attachment":[{"href":"https:\/\/2xenvironnement.com\/index.php\/wp-json\/wp\/v2\/media?parent=678"}],"curies":[{"name":"wp","href":"https:\/\/api.w.org\/{rel}","templated":true}]}}