{"id":665,"date":"2024-02-07T15:59:46","date_gmt":"2024-02-07T14:59:46","guid":{"rendered":"https:\/\/2xenvironnement.com\/?page_id=665"},"modified":"2024-05-09T23:50:39","modified_gmt":"2024-05-09T21:50:39","slug":"collecte-et-incineration-des-dechets-industriels","status":"publish","type":"page","link":"https:\/\/2xenvironnement.com\/index.php\/collecte-et-incineration-des-dechets-industriels\/","title":{"rendered":"Collecte et incin\u00e9ration des d\u00e9chets Industriels"},"content":{"rendered":"\t\t<div data-elementor-type=\"wp-page\" data-elementor-id=\"665\" class=\"elementor elementor-665\">\n\t\t\t\t<div class=\"elementor-element elementor-element-4b3fbad e-flex e-con-boxed e-con e-parent\" data-id=\"4b3fbad\" data-element_type=\"container\" data-e-type=\"container\">\n\t\t\t\t\t<div class=\"e-con-inner\">\n\t\t<div class=\"elementor-element elementor-element-817bf47 e-con-full e-flex e-con e-child\" data-id=\"817bf47\" data-element_type=\"container\" data-e-type=\"container\">\n\t\t\t\t<div class=\"elementor-element elementor-element-faf0a15 elementor-widget elementor-widget-heading\" data-id=\"faf0a15\" data-element_type=\"widget\" data-e-type=\"widget\" data-widget_type=\"heading.default\">\n\t\t\t\t<div class=\"elementor-widget-container\">\n\t\t\t\t\t<h2 class=\"elementor-heading-title elementor-size-default\">Collecte Et Incin\u00e9ration Des D\u00e9chets Industriels\u200b<\/h2>\t\t\t\t<\/div>\n\t\t\t\t<\/div>\n\t\t\t\t<div class=\"elementor-element elementor-element-85397a8 elementor-widget elementor-widget-text-editor\" data-id=\"85397a8\" data-element_type=\"widget\" data-e-type=\"widget\" data-widget_type=\"text-editor.default\">\n\t\t\t\t<div class=\"elementor-widget-container\">\n\t\t\t\t\t\t\t\t\t<p align=\"justify\"><b>Bienvenue chez 2X Environnement and Supply Sarl, votre partenaire de confiance pour une gestion compl\u00e8te et s\u00e9curis\u00e9e des d\u00e9chets industriels, y compris les d\u00e9chets dangereux. <br \/><\/b><\/p><p align=\"justify\">\u00a0<\/p><p align=\"justify\">Dans un paysage industriel complexe, la gestion des d\u00e9chets dangereux est une priorit\u00e9 absolue. Chez 2X Environnement and Supply Sarl, nous comprenons l&#8217;importance cruciale de la manipulation s\u00fbre et responsable de ces mat\u00e9riaux potentiellement nocifs pour la sant\u00e9 humaine et l&#8217;environnement.<\/p><p align=\"justify\">\u00a0<\/p><p align=\"justify\"><b>Expertise sp\u00e9cialis\u00e9e dans les d\u00e9chets dangereux <\/b><\/p><p align=\"justify\">Notre \u00e9quipe d&#8217;experts est form\u00e9e pour identifier, manipuler et \u00e9liminer une vaste gamme de d\u00e9chets dangereux, comprenant notamment :<\/p><ul><li><p align=\"justify\"><b>D\u00e9chets chimiques :<\/b> produits chimiques corrosifs, toxiques ou inflammables issus de processus industriels.<\/p><\/li><li><p align=\"justify\"><b>D\u00e9chets toxiques :<\/b> substances nocives pour la sant\u00e9 humaine et l&#8217;environnement, comme les d\u00e9chets radioactifs, les produits pharmaceutiques p\u00e9rim\u00e9s, etc.<\/p><\/li><li><p align=\"justify\"><b>D\u00e9chets \u00e9lectroniques :<\/b> \u00e9quipements \u00e9lectroniques en fin de vie contenant des mat\u00e9riaux dangereux, tels que le plomb, le mercure, etc.<\/p><\/li><li><p align=\"justify\"><b>D\u00e9chets biologiques infectieux :<\/b> d\u00e9chets m\u00e9dicaux, produits biologiques contamin\u00e9s, n\u00e9cessitant une manipulation sp\u00e9cifique pour \u00e9viter toute propagation de maladies.<\/p><\/li><li><p align=\"justify\"><b>D\u00e9chets inflammables :<\/b> mat\u00e9riaux susceptibles de s&#8217;enflammer facilement, tels que les solvants, les peintures, etc.<\/p><\/li><li><p align=\"justify\"><b>D\u00e9chets corrosifs :<\/b> mat\u00e9riaux pouvant causer des dommages importants aux infrastructures ou \u00e0 l&#8217;environnement, comme les acides et les bases fortes.<\/p><\/li><\/ul><p align=\"justify\">\u00a0<\/p><p align=\"justify\"><b>Solutions sur mesure pour chaque type de d\u00e9chet<\/b><\/p><p align=\"justify\">Gr\u00e2ce \u00e0 notre expertise sp\u00e9cialis\u00e9e et \u00e0 notre \u00e9quipement de pointe, nous sommes en mesure de fournir des solutions sur mesure pour chaque type de d\u00e9chet dangereux. Que ce soit pour la collecte, le transport, le traitement ou l&#8217;incin\u00e9ration, nous nous engageons \u00e0 assurer une gestion s\u00fbre et conforme \u00e0 la r\u00e9glementation pour chaque mat\u00e9riau, vous permettant ainsi de vous concentrer sur votre activit\u00e9 principale en toute tranquillit\u00e9 d&#8217;esprit.<\/p><p align=\"justify\">\u00a0<\/p><p align=\"justify\"><b>Engagement envers la s\u00e9curit\u00e9 et l&#8217;environnement<\/b><\/p><p align=\"justify\">La s\u00e9curit\u00e9 de nos employ\u00e9s, de nos clients et de l&#8217;environnement est notre priorit\u00e9 absolue. C&#8217;est pourquoi nous adh\u00e9rons aux normes les plus strictes en mati\u00e8re de s\u00e9curit\u00e9 et de conformit\u00e9 r\u00e9glementaire dans toutes nos op\u00e9rations. De plus, nous nous engageons \u00e0 minimiser l&#8217;impact environnemental de nos activit\u00e9s en favorisant le recyclage, la r\u00e9cup\u00e9ration et l&#8217;incin\u00e9ration responsable des d\u00e9chets dangereux.<\/p><p align=\"justify\">\u00a0<\/p><p align=\"justify\"><b>Contactez-nous d\u00e8s aujourd&#8217;hui pour une gestion s\u00fbre et responsable de vos d\u00e9chets dangereux <\/b><\/p><p align=\"justify\">N&#8217;h\u00e9sitez pas \u00e0 nous contacter d\u00e8s aujourd&#8217;hui pour en savoir plus sur nos services de gestion des d\u00e9chets dangereux. Avec 2X Environnement and Supply Sarl, vous pouvez avoir la certitude que vos d\u00e9chets dangereux sont entre de bonnes mains, trait\u00e9s avec le plus grand soin et conform\u00e9ment aux normes les plus strictes.<\/p>\t\t\t\t\t\t\t\t<\/div>\n\t\t\t\t<\/div>\n\t\t\t\t<div class=\"elementor-element elementor-element-63fff80 e-transform elementor-widget elementor-widget-button\" data-id=\"63fff80\" data-element_type=\"widget\" data-e-type=\"widget\" data-settings=\"{&quot;_transform_skewX_effect&quot;:{&quot;unit&quot;:&quot;px&quot;,&quot;size&quot;:10,&quot;sizes&quot;:[]},&quot;_transform_skewX_effect_tablet&quot;:{&quot;unit&quot;:&quot;deg&quot;,&quot;size&quot;:&quot;&quot;,&quot;sizes&quot;:[]},&quot;_transform_skewX_effect_mobile&quot;:{&quot;unit&quot;:&quot;deg&quot;,&quot;size&quot;:&quot;&quot;,&quot;sizes&quot;:[]},&quot;_transform_skewY_effect&quot;:{&quot;unit&quot;:&quot;px&quot;,&quot;size&quot;:&quot;&quot;,&quot;sizes&quot;:[]},&quot;_transform_skewY_effect_tablet&quot;:{&quot;unit&quot;:&quot;deg&quot;,&quot;size&quot;:&quot;&quot;,&quot;sizes&quot;:[]},&quot;_transform_skewY_effect_mobile&quot;:{&quot;unit&quot;:&quot;deg&quot;,&quot;size&quot;:&quot;&quot;,&quot;sizes&quot;:[]}}\" data-widget_type=\"button.default\">\n\t\t\t\t<div class=\"elementor-widget-container\">\n\t\t\t\t\t\t\t\t\t<div class=\"elementor-button-wrapper\">\n\t\t\t\t\t<a class=\"elementor-button elementor-button-link elementor-size-sm\" href=\"https:\/\/2xenvironnement.com\/index.php\/contact\/\">\n\t\t\t\t\t\t<span class=\"elementor-button-content-wrapper\">\n\t\t\t\t\t\t<span class=\"elementor-button-icon\">\n\t\t\t\t<svg aria-hidden=\"true\" class=\"e-font-icon-svg e-fas-phone-alt\" viewBox=\"0 0 512 512\" xmlns=\"http:\/\/www.w3.org\/2000\/svg\"><path d=\"M497.39 361.8l-112-48a24 24 0 0 0-28 6.9l-49.6 60.6A370.66 370.66 0 0 1 130.6 204.11l60.6-49.6a23.94 23.94 0 0 0 6.9-28l-48-112A24.16 24.16 0 0 0 122.6.61l-104 24A24 24 0 0 0 0 48c0 256.5 207.9 464 464 464a24 24 0 0 0 23.4-18.6l24-104a24.29 24.29 0 0 0-14.01-27.6z\"><\/path><\/svg>\t\t\t<\/span>\n\t\t\t\t\t\t\t\t\t<span class=\"elementor-button-text\">Contactez-Nous<\/span>\n\t\t\t\t\t<\/span>\n\t\t\t\t\t<\/a>\n\t\t\t\t<\/div>\n\t\t\t\t\t\t\t\t<\/div>\n\t\t\t\t<\/div>\n\t\t\t\t<\/div>\n\t\t<div class=\"elementor-element elementor-element-c374b81 e-con-full e-flex e-con e-child\" data-id=\"c374b81\" data-element_type=\"container\" data-e-type=\"container\">\n\t\t<div class=\"elementor-element elementor-element-0fae249 e-flex e-con-boxed e-con e-child\" data-id=\"0fae249\" data-element_type=\"container\" data-e-type=\"container\">\n\t\t\t\t\t<div class=\"e-con-inner\">\n\t\t\t\t<div class=\"elementor-element elementor-element-0935d58 elementor-widget elementor-widget-image\" data-id=\"0935d58\" data-element_type=\"widget\" data-e-type=\"widget\" data-widget_type=\"image.default\">\n\t\t\t\t<div class=\"elementor-widget-container\">\n\t\t\t\t\t\t\t\t\t\t\t\t\t\t\t<img fetchpriority=\"high\" decoding=\"async\" width=\"1024\" height=\"1024\" src=\"https:\/\/2xenvironnement.com\/wp-content\/uploads\/2024\/01\/a293e704-005e-4caf-bff4-058bf7e6ac4f.jpeg\" class=\"attachment-large size-large wp-image-419\" alt=\"\" srcset=\"https:\/\/2xenvironnement.com\/wp-content\/uploads\/2024\/01\/a293e704-005e-4caf-bff4-058bf7e6ac4f.jpeg 1024w, https:\/\/2xenvironnement.com\/wp-content\/uploads\/2024\/01\/a293e704-005e-4caf-bff4-058bf7e6ac4f-300x300.jpeg 300w, https:\/\/2xenvironnement.com\/wp-content\/uploads\/2024\/01\/a293e704-005e-4caf-bff4-058bf7e6ac4f-150x150.jpeg 150w, https:\/\/2xenvironnement.com\/wp-content\/uploads\/2024\/01\/a293e704-005e-4caf-bff4-058bf7e6ac4f-768x768.jpeg 768w, https:\/\/2xenvironnement.com\/wp-content\/uploads\/2024\/01\/a293e704-005e-4caf-bff4-058bf7e6ac4f-600x600.jpeg 600w, https:\/\/2xenvironnement.com\/wp-content\/uploads\/2024\/01\/a293e704-005e-4caf-bff4-058bf7e6ac4f-100x100.jpeg 100w\" sizes=\"(max-width: 1024px) 100vw, 1024px\" \/>\t\t\t\t\t\t\t\t\t\t\t\t\t\t\t<\/div>\n\t\t\t\t<\/div>\n\t\t\t\t\t<\/div>\n\t\t\t\t<\/div>\n\t\t<div class=\"elementor-element elementor-element-39339de e-flex e-con-boxed e-con e-child\" data-id=\"39339de\" data-element_type=\"container\" data-e-type=\"container\">\n\t\t\t\t\t<div class=\"e-con-inner\">\n\t\t\t\t<div class=\"elementor-element elementor-element-181ba30 elementor-widget elementor-widget-image\" data-id=\"181ba30\" data-element_type=\"widget\" data-e-type=\"widget\" data-widget_type=\"image.default\">\n\t\t\t\t<div class=\"elementor-widget-container\">\n\t\t\t\t\t\t\t\t\t\t\t\t\t\t\t<img decoding=\"async\" width=\"400\" height=\"334\" src=\"https:\/\/2xenvironnement.com\/wp-content\/uploads\/2024\/02\/gallery14.png\" class=\"attachment-large size-large wp-image-567\" alt=\"\" srcset=\"https:\/\/2xenvironnement.com\/wp-content\/uploads\/2024\/02\/gallery14.png 400w, https:\/\/2xenvironnement.com\/wp-content\/uploads\/2024\/02\/gallery14-300x251.png 300w\" sizes=\"(max-width: 400px) 100vw, 400px\" \/>\t\t\t\t\t\t\t\t\t\t\t\t\t\t\t<\/div>\n\t\t\t\t<\/div>\n\t\t\t\t\t<\/div>\n\t\t\t\t<\/div>\n\t\t\t\t<\/div>\n\t\t\t\t\t<\/div>\n\t\t\t\t<\/div>\n\t\t\t\t<\/div>\n\t\t","protected":false},"excerpt":{"rendered":"<p>Collecte Et Incin\u00e9ration Des D\u00e9chets Industriels\u200b Bienvenue chez 2X Environnement and Supply Sarl, votre partenaire de confiance pour une gestion compl\u00e8te et s\u00e9curis\u00e9e des d\u00e9chets industriels, y compris les d\u00e9chets dangereux. \u00a0 Dans un paysage industriel complexe, la gestion des d\u00e9chets dangereux est une priorit\u00e9 absolue. Chez 2X Environnement and Supply Sarl, nous comprenons l&#8217;importance [&hellip;]<\/p>\n","protected":false},"author":1,"featured_media":0,"parent":0,"menu_order":0,"comment_status":"closed","ping_status":"closed","template":"elementor_header_footer","meta":{"om_disable_all_campaigns":false,"_uf_show_specific_survey":0,"_uf_disable_surveys":false,"footnotes":""},"class_list":["post-665","page","type-page","status-publish","hentry"],"aioseo_notices":[],"_links":{"self":[{"href":"https:\/\/2xenvironnement.com\/index.php\/wp-json\/wp\/v2\/pages\/665","targetHints":{"allow":["GET"]}}],"collection":[{"href":"https:\/\/2xenvironnement.com\/index.php\/wp-json\/wp\/v2\/pages"}],"about":[{"href":"https:\/\/2xenvironnement.com\/index.php\/wp-json\/wp\/v2\/types\/page"}],"author":[{"embeddable":true,"href":"https:\/\/2xenvironnement.com\/index.php\/wp-json\/wp\/v2\/users\/1"}],"replies":[{"embeddable":true,"href":"https:\/\/2xenvironnement.com\/index.php\/wp-json\/wp\/v2\/comments?post=665"}],"version-history":[{"count":19,"href":"https:\/\/2xenvironnement.com\/index.php\/wp-json\/wp\/v2\/pages\/665\/revisions"}],"predecessor-version":[{"id":936,"href":"https:\/\/2xenvironnement.com\/index.php\/wp-json\/wp\/v2\/pages\/665\/revisions\/936"}],"wp:attachment":[{"href":"https:\/\/2xenvironnement.com\/index.php\/wp-json\/wp\/v2\/media?parent=665"}],"curies":[{"name":"wp","href":"https:\/\/api.w.org\/{rel}","templated":true}]}}