{"id":3,"date":"2024-01-09T11:27:26","date_gmt":"2024-01-09T10:27:26","guid":{"rendered":"http:\/\/2xenvironnement.com\/?page_id=3"},"modified":"2024-02-18T11:53:40","modified_gmt":"2024-02-18T10:53:40","slug":"politique-de-confidentialite","status":"publish","type":"page","link":"https:\/\/2xenvironnement.com\/index.php\/politique-de-confidentialite\/","title":{"rendered":"Politique de confidentialit\u00e9"},"content":{"rendered":"\n<p>Nous prenons cela tr\u00e8s au s\u00e9rieux<\/p>\n\n\n\n<p>Votre vie priv\u00e9e est tr\u00e8s importante pour nous.\u00a0Chez <strong>2X Environnement and Supply Sarl<\/strong>, nous suivons quelques principes fondamentaux\u00a0:<\/p>\n\n\n\n<ul class=\"wp-block-list\">\n<li>. Nous ne vous demandons pas d&#8217;informations personnelles, sauf si nous en avons vraiment besoin.\u00a0(Nous ne supportons pas les services qui vous demandent des informations telles que votre sexe ou votre niveau de revenu sans raison apparente.)<\/li>\n\n\n\n<li>. Nous ne partageons vos informations personnelles avec personne, sauf pour nous conformer \u00e0 la loi, d\u00e9velopper nos produits ou prot\u00e9ger nos droits.<\/li>\n\n\n\n<li>. Nous ne stockons pas d&#8217;informations personnelles sur nos serveurs, sauf si cela est n\u00e9cessaire au fonctionnement continu de notre site.<\/li>\n<\/ul>\n\n\n\n<p>La politique de 2X Environnement est de respecter votre vie priv\u00e9e concernant toute information que nous pouvons collecter lors de l&#8217;exploitation de nos sites Web.<\/p>\n\n\n\n<h2 class=\"wp-block-heading\"><strong>Visiteurs du site web<\/strong><\/h2>\n\n\n\n<p>Comme la plupart des op\u00e9rateurs de sites Web, 2X Environnement collecte des informations non personnelles du type que les navigateurs Web et les serveurs mettent g\u00e9n\u00e9ralement \u00e0 disposition, telles que le type de navigateur, la pr\u00e9f\u00e9rence linguistique, le site r\u00e9f\u00e9rent, ainsi que la date et l&#8217;heure de chaque demande de visiteur.\u00a0L&#8217;objectif de 2X Environnement en collectant des informations non personnelles est de mieux comprendre comment les visiteurs de 2X Environnement utilisent son site Web.\u00a0De temps \u00e0 autre, 2X Environnement peut divulguer des informations globales ne permettant pas d&#8217;identification personnelle, par exemple en publiant un rapport sur les tendances d&#8217;utilisation de son site Web.<\/p>\n\n\n\n<p>2X Environnement collecte \u00e9galement des informations potentiellement nominatives telles que les adresses IP (Internet Protocol) pour les utilisateurs connect\u00e9s et pour les utilisateurs laissant des commentaires sur nos blogs.\u00a02X Environnement ne divulgue les adresses IP des utilisateurs et des commentateurs connect\u00e9s que dans les m\u00eames circonstances qu&#8217;il utilise et divulgue les informations d&#8217;identification personnelle comme d\u00e9crit ci-dessous, sauf que les adresses IP des commentateurs du blog sont visibles et divulgu\u00e9es aux administrateurs du blog sur lequel le commentaire a \u00e9t\u00e9 laiss\u00e9.<\/p>\n\n\n\n<h2 class=\"wp-block-heading\"><strong>Collecte d&#8217;informations d&#8217;identification personnelle<\/strong><\/h2>\n\n\n\n<p>Certains visiteurs des sites Web de 2X Environnement choisissent d&#8217;interagir avec 2X Environnement d&#8217;une mani\u00e8re qui n\u00e9cessite que 2X Environnement collecte des informations d&#8217;identification personnelle.\u00a0La quantit\u00e9 et le type d&#8217;informations collect\u00e9es par 2X Environnement d\u00e9pendent de la nature de l&#8217;interaction.\u00a0Par exemple, nous demandons aux visiteurs qui commentent notre blog de fournir un nom d&#8217;utilisateur et une adresse e-mail.\u00a0Ceux qui souhaitent recevoir les mises \u00e0 jour de 2X Environnement par e-mail, nous collectons leurs e-mails.\u00a0Dans chaque cas, 2X Environnement collecte ces informations uniquement dans la mesure o\u00f9 elles sont n\u00e9cessaires ou appropri\u00e9es pour atteindre l&#8217;objectif de l&#8217;interaction du visiteur avec 2X Environnement.\u00a02X Environnement ne divulgue pas d&#8217;informations d&#8217;identification personnelle autres que celles d\u00e9crites ci-dessous.\u00a0Et les visiteurs peuvent toujours refuser de fournir des informations d\u2019identification personnelle, avec l\u2019avertissement que cela pourrait les emp\u00eacher de s\u2019engager dans certaines activit\u00e9s li\u00e9es au site Web.<\/p>\n\n\n\n<h2 class=\"wp-block-heading\"><strong>Statistiques agr\u00e9g\u00e9es<\/strong><\/h2>\n\n\n\n<p>2X Environnement peut collecter des statistiques sur le comportement des visiteurs de ses sites Web.\u00a0Par exemple, 2X Environnement peut surveiller les pages les plus populaires du site 2xenvironnement.com ou utiliser le spam filtr\u00e9 par le service Akismet et\/ou Google reCAPTCHA pour aider \u00e0 identifier le spam.\u00a02X Environnement peut afficher ces informations publiquement ou les fournir \u00e0 des tiers.\u00a0Cependant, MonsterInsights ne divulgue pas d&#8217;informations d&#8217;identification personnelle autres que celles d\u00e9crites ci-dessous.<\/p>\n\n\n\n<h2 class=\"wp-block-heading\"><strong>Protection de certaines informations d&#8217;identification personnelle<\/strong><\/h2>\n\n\n\n<p>2X Environnement divulgue des informations potentiellement nominatives et personnellement identifiables uniquement \u00e0 ceux de ses employ\u00e9s, sous-traitants et organisations affili\u00e9es qui (i) ont besoin de conna\u00eetre ces informations afin de les traiter au nom de 2X Environnement ou de fournir des services disponibles sur les sites Web de 2X Environnement, et ( ii) qui ont accept\u00e9 de ne pas les divulguer \u00e0 des tiers.\u00a0Certains de ces employ\u00e9s, sous-traitants et organisations affili\u00e9es peuvent \u00eatre situ\u00e9s en dehors de votre pays d&#8217;origine\u00a0;\u00a0en utilisant les sites Web de 2X Environnement, vous consentez au transfert de ces informations.\u00a02X Environnement ne louera ni ne vendra \u00e0 quiconque des informations potentiellement nominatives et personnellement identifiables.\u00a0Hormis \u00e0 ses employ\u00e9s, sous-traitants et organisations affili\u00e9es, comme d\u00e9crit ci-dessus, 2X Environnement divulgue des informations potentiellement nominatives et personnelles uniquement en r\u00e9ponse \u00e0 une assignation \u00e0 compara\u00eetre, une ordonnance du tribunal ou une autre demande gouvernementale, ou lorsque 2X Environnement estime de bonne foi que la divulgation est raisonnablement n\u00e9cessaire pour prot\u00e9ger la propri\u00e9t\u00e9 ou les droits de 2X Environnement, de tiers ou du grand public.\u00a0Si vous \u00eates un utilisateur enregistr\u00e9 d&#8217;un site Web 2X Environnement et que vous avez fourni votre adresse e-mail, 2X Environnement peut occasionnellement vous envoyer un e-mail pour vous informer de nouvelles fonctionnalit\u00e9s, solliciter vos commentaires ou simplement vous tenir au courant de ce qui se passe avec 2X Environnement et notre des produits.\u00a0Nous utilisons principalement nos diff\u00e9rents blogs produits pour communiquer ce type d&#8217;informations, nous esp\u00e9rons donc r\u00e9duire ce type d&#8217;e-mail au minimum.\u00a0Si vous nous envoyez une demande (par exemple via un e-mail d&#8217;assistance ou via l&#8217;un de nos m\u00e9canismes de retour d&#8217;information), nous nous r\u00e9servons le droit de la publier afin de nous aider \u00e0 clarifier ou \u00e0 r\u00e9pondre \u00e0 votre demande ou pour nous aider \u00e0 assister d&#8217;autres utilisateurs.\u00a02X Environnement prend toutes les mesures raisonnablement n\u00e9cessaires pour se prot\u00e9ger contre l&#8217;acc\u00e8s, l&#8217;utilisation, la modification ou la destruction non autoris\u00e9s d&#8217;informations potentiellement nominatives et d&#8217;identification personnelle.<\/p>\n\n\n\n<h2 class=\"wp-block-heading\"><strong>Cookies<\/strong><\/h2>\n\n\n\n<p>Un cookie est une cha\u00eene d&#8217;informations qu&#8217;un site Web stocke sur l&#8217;ordinateur d&#8217;un visiteur et que le navigateur du visiteur fournit au site Web \u00e0 chaque fois que le visiteur revient.\u00a02X Environnement utilise des cookies pour aider 2X Environnement \u00e0 identifier et suivre les visiteurs, leur utilisation du site Web 2X Environnement et leurs pr\u00e9f\u00e9rences d&#8217;acc\u00e8s au site Web.\u00a0Les visiteurs de 2X Environnement qui ne souhaitent pas que des cookies soient plac\u00e9s sur leur ordinateur doivent configurer leur navigateur pour refuser les cookies avant d&#8217;utiliser les sites Web de 2X Environnement, avec l&#8217;inconv\u00e9nient que certaines fonctionnalit\u00e9s des sites Web de 2X Environnement peuvent ne pas fonctionner correctement sans l&#8217;aide de cookies.<\/p>\n\n\n\n<h2 class=\"wp-block-heading\"><strong>Transferts d&#8217;entreprises<\/strong><\/h2>\n\n\n\n<p>Si 2X Environnement, ou la quasi-totalit\u00e9 de ses actifs, \u00e9tait acquis, ou dans le cas peu probable o\u00f9 2X Environnement cesserait ses activit\u00e9s ou ferait faillite, les informations des utilisateurs feraient partie des actifs transf\u00e9r\u00e9s ou acquis par un tiers.\u00a0Vous reconnaissez que de tels transferts peuvent avoir lieu et que tout acqu\u00e9reur de 2X Environnement peut continuer \u00e0 utiliser vos informations personnelles comme indiqu\u00e9 dans cette politique.<\/p>\n\n\n\n<h2 class=\"wp-block-heading\"><strong>Les publicit\u00e9s<\/strong><\/h2>\n\n\n\n<p>Les publicit\u00e9s apparaissant sur l&#8217;un de nos sites Web peuvent \u00eatre diffus\u00e9es aux utilisateurs par des partenaires publicitaires, qui peuvent d\u00e9finir des cookies.\u00a0Ces cookies permettent au serveur publicitaire de reconna\u00eetre votre ordinateur chaque fois qu&#8217;il vous envoie une publicit\u00e9 en ligne pour compiler des informations sur vous ou sur les autres utilisateurs de votre ordinateur.\u00a0Ces informations permettent aux r\u00e9seaux publicitaires, entre autres choses, de diffuser des publicit\u00e9s cibl\u00e9es qui, selon eux, vous int\u00e9resseront le plus.\u00a0Cette politique de confidentialit\u00e9 couvre l&#8217;utilisation de cookies par 2X Environnement et ne couvre pas l&#8217;utilisation de cookies par des annonceurs.<\/p>\n\n\n\n<h2 class=\"wp-block-heading\"><strong>commentaires<\/strong><\/h2>\n\n\n\n<p>Les commentaires et autres contenus soumis au service anti-spam d&#8217;Akismet et\/ou \u00e0 Google reCAPTCHA sont enregistr\u00e9s sur nos serveurs \u00e0 moins qu&#8217;ils n&#8217;aient \u00e9t\u00e9 marqu\u00e9s comme faux positifs, auquel cas nous les stockons suffisamment longtemps pour pouvoir les utiliser pour am\u00e9liorer le service afin d&#8217;\u00e9viter de futurs faux positifs.<\/p>\n\n\n\n<h2 class=\"wp-block-heading\"><strong>Modifications de la politique de confidentialit\u00e9<\/strong><\/h2>\n\n\n\n<p>Bien que la plupart des changements soient probablement mineurs, 2X Environnement peut modifier sa politique de confidentialit\u00e9 de temps \u00e0 autre, et \u00e0 la seule discr\u00e9tion de 2X Environnement.\u00a02X Environnement encourage les visiteurs \u00e0 consulter fr\u00e9quemment cette page pour conna\u00eetre toute modification apport\u00e9e \u00e0 sa politique de confidentialit\u00e9.\u00a0Votre utilisation continue de ce site apr\u00e8s toute modification de cette politique de confidentialit\u00e9 constituera votre acceptation de cette modification.<\/p>\n","protected":false},"excerpt":{"rendered":"<p>Nous prenons cela tr\u00e8s au s\u00e9rieux Votre vie priv\u00e9e est tr\u00e8s importante pour nous.\u00a0Chez 2X Environnement and Supply Sarl, nous suivons quelques principes fondamentaux\u00a0: La politique de 2X Environnement est de respecter votre vie priv\u00e9e concernant toute information que nous pouvons collecter lors de l&#8217;exploitation de nos sites Web. Visiteurs du site web Comme la [&hellip;]<\/p>\n","protected":false},"author":1,"featured_media":0,"parent":0,"menu_order":0,"comment_status":"closed","ping_status":"closed","template":"","meta":{"om_disable_all_campaigns":false,"_uf_show_specific_survey":0,"_uf_disable_surveys":false,"footnotes":""},"class_list":["post-3","page","type-page","status-publish","hentry"],"aioseo_notices":[],"_links":{"self":[{"href":"https:\/\/2xenvironnement.com\/index.php\/wp-json\/wp\/v2\/pages\/3","targetHints":{"allow":["GET"]}}],"collection":[{"href":"https:\/\/2xenvironnement.com\/index.php\/wp-json\/wp\/v2\/pages"}],"about":[{"href":"https:\/\/2xenvironnement.com\/index.php\/wp-json\/wp\/v2\/types\/page"}],"author":[{"embeddable":true,"href":"https:\/\/2xenvironnement.com\/index.php\/wp-json\/wp\/v2\/users\/1"}],"replies":[{"embeddable":true,"href":"https:\/\/2xenvironnement.com\/index.php\/wp-json\/wp\/v2\/comments?post=3"}],"version-history":[{"count":3,"href":"https:\/\/2xenvironnement.com\/index.php\/wp-json\/wp\/v2\/pages\/3\/revisions"}],"predecessor-version":[{"id":845,"href":"https:\/\/2xenvironnement.com\/index.php\/wp-json\/wp\/v2\/pages\/3\/revisions\/845"}],"wp:attachment":[{"href":"https:\/\/2xenvironnement.com\/index.php\/wp-json\/wp\/v2\/media?parent=3"}],"curies":[{"name":"wp","href":"https:\/\/api.w.org\/{rel}","templated":true}]}}